{"id":109,"date":"2024-12-12T14:23:32","date_gmt":"2024-12-12T19:23:32","guid":{"rendered":"http:\/\/localhost\/ildc_fr\/?page_id=109"},"modified":"2024-12-16T10:45:34","modified_gmt":"2024-12-16T15:45:34","slug":"a-propos","status":"publish","type":"page","link":"https:\/\/www.ildc.com\/fr\/a-propos\/","title":{"rendered":"\u00c0 propos"},"content":{"rendered":"\t\t<div data-elementor-type=\"wp-page\" data-elementor-id=\"109\" class=\"elementor elementor-109\">\n\t\t\t\t<div class=\"elementor-element elementor-element-d4abce4 e-flex e-con-boxed e-con e-parent\" data-id=\"d4abce4\" data-element_type=\"container\" data-settings=\"{&quot;background_background&quot;:&quot;classic&quot;}\">\n\t\t\t\t\t<div class=\"e-con-inner\">\n\t\t\t\t<div class=\"elementor-element elementor-element-a98f1fe elementor-widget elementor-widget-heading\" data-id=\"a98f1fe\" data-element_type=\"widget\" data-widget_type=\"heading.default\">\n\t\t\t\t<div class=\"elementor-widget-container\">\n\t\t\t\t\t<h2 class=\"elementor-heading-title elementor-size-default\">\u00c0 propos<\/h2>\t\t\t\t<\/div>\n\t\t\t\t<\/div>\n\t\t\t\t\t<\/div>\n\t\t\t\t<\/div>\n\t\t<div class=\"elementor-element elementor-element-5c885af e-flex e-con-boxed e-con e-parent\" data-id=\"5c885af\" data-element_type=\"container\">\n\t\t\t\t\t<div class=\"e-con-inner\">\n\t\t\t\t<div class=\"elementor-element elementor-element-1fb6814 elementor-widget elementor-widget-spacer\" data-id=\"1fb6814\" data-element_type=\"widget\" data-widget_type=\"spacer.default\">\n\t\t\t\t<div class=\"elementor-widget-container\">\n\t\t\t\t\t\t\t<div class=\"elementor-spacer\">\n\t\t\t<div class=\"elementor-spacer-inner\"><\/div>\n\t\t<\/div>\n\t\t\t\t\t\t<\/div>\n\t\t\t\t<\/div>\n\t\t\t\t<div class=\"elementor-element elementor-element-6462d4e elementor-widget elementor-widget-text-editor\" data-id=\"6462d4e\" data-element_type=\"widget\" data-widget_type=\"text-editor.default\">\n\t\t\t\t<div class=\"elementor-widget-container\">\n\t\t\t\t\t\t\t\t\t<div class=\"col-md-12\">\n<div class=\"blog-lg-area-left\">\n<div class=\"wpb_text_column wpb_content_element \">\n<div class=\"wpb_wrapper\">\n\nFond\u00e9e en 1964, <strong>ILDC<\/strong> regroupe 19 des plus importantes organisations ind\u00e9pendantes couvrant le domaine de la construction et de la r\u00e9novation r\u00e9sidentielle. Chacun affichant sa propre banni\u00e8re, le groupe op\u00e8re plus de 600 magasins d\u2019un oc\u00e9an \u00e0 l\u2019autre. Les ventes globales se situent \u00e0 environ 4,3 milliards de dollars. ILDC est un membre du groupe d\u2019achat Spancan.\n\nTout en b\u00e9n\u00e9ficiant du volume combin\u00e9 des membres d\u2019ILDC, nos fournisseurs se joignent \u00e0 un des plus importants regroupements au pays. ILDC est repr\u00e9sent\u00e9 par une gamme de magasins allant des grandes surfaces \u00e0 la quincaillerie, en passant par les centres de mat\u00e9riaux de construction, les centres de r\u00e9novation, sans oublier les magasins sp\u00e9cialis\u00e9s dans les produits de murs secs, qui sont pr\u00e9sents autant dans les secteurs urbains que ruraux.\n\n<\/div>\n<\/div>\n<\/div>\n<\/div>\t\t\t\t\t\t\t\t<\/div>\n\t\t\t\t<\/div>\n\t\t\t\t\t<\/div>\n\t\t\t\t<\/div>\n\t\t\t\t<\/div>\n\t\t","protected":false},"excerpt":{"rendered":"<p>\u00c0 propos Fond\u00e9e en 1964, ILDC regroupe 19 des plus importantes organisations ind\u00e9pendantes couvrant le domaine de la construction et de la r\u00e9novation r\u00e9sidentielle. Chacun&hellip;<\/p>\n","protected":false},"author":1,"featured_media":0,"parent":0,"menu_order":0,"comment_status":"closed","ping_status":"closed","template":"","meta":{"footnotes":""},"class_list":["post-109","page","type-page","status-publish","hentry"],"_links":{"self":[{"href":"https:\/\/www.ildc.com\/fr\/wp-json\/wp\/v2\/pages\/109","targetHints":{"allow":["GET"]}}],"collection":[{"href":"https:\/\/www.ildc.com\/fr\/wp-json\/wp\/v2\/pages"}],"about":[{"href":"https:\/\/www.ildc.com\/fr\/wp-json\/wp\/v2\/types\/page"}],"author":[{"embeddable":true,"href":"https:\/\/www.ildc.com\/fr\/wp-json\/wp\/v2\/users\/1"}],"replies":[{"embeddable":true,"href":"https:\/\/www.ildc.com\/fr\/wp-json\/wp\/v2\/comments?post=109"}],"version-history":[{"count":10,"href":"https:\/\/www.ildc.com\/fr\/wp-json\/wp\/v2\/pages\/109\/revisions"}],"predecessor-version":[{"id":147,"href":"https:\/\/www.ildc.com\/fr\/wp-json\/wp\/v2\/pages\/109\/revisions\/147"}],"wp:attachment":[{"href":"https:\/\/www.ildc.com\/fr\/wp-json\/wp\/v2\/media?parent=109"}],"curies":[{"name":"wp","href":"https:\/\/api.w.org\/{rel}","templated":true}]}}